{"id":6115,"date":"2025-08-27T01:48:38","date_gmt":"2025-08-26T22:48:38","guid":{"rendered":"https:\/\/basilteknoloji.com\/wood\/?post_type=product&#038;p=6115"},"modified":"2025-09-15T13:32:13","modified_gmt":"2025-09-15T10:32:13","slug":"cift-tarafli-kalpli-love-altin-yuzuk-2","status":"publish","type":"product","link":"https:\/\/basilteknoloji.com\/wood\/index.php\/urun\/cift-tarafli-kalpli-love-altin-yuzuk-2\/","title":{"rendered":"\u00c7ift Tarafl\u0131 Kalpli &#8220;Love&#8221; Alt\u0131n Y\u00fcz\u00fck"},"content":{"rendered":"<p style=\"font-weight: 400;\"><b><strong>Debora Jewelry olarak, 14 ayar alt\u0131n y\u00fcz\u00fck koleksiyonumuzla zarafeti parmaklar\u0131n\u0131za ta\u015f\u0131yoruz.<\/strong><\/b><br \/>\nHer bir y\u00fcz\u00fck, kaliteye duydu\u011fumuz ba\u011fl\u0131l\u0131k ve estetik anlay\u0131\u015f\u0131m\u0131z\u0131n birle\u015fimiyle, \u00f6zenle \u00fcretilmi\u015ftir. Bu \u015f\u0131k alt\u0131n y\u00fcz\u00fck de, Debora\u2019n\u0131n tasar\u0131m g\u00fcc\u00fcn\u00fc ve i\u015f\u00e7ilik kalitesini yans\u0131tan \u00f6zel bir par\u00e7ad\u0131r.<\/p>\n<p style=\"font-weight: 400;\"><b><strong>\u00dcretim S\u00fcreci<\/strong><\/b><br \/>\nBu zarif alt\u0131n y\u00fcz\u00fck, ilk \u00e7iziminden son cilas\u0131na kadar tamamen el i\u015f\u00e7ili\u011fiyle haz\u0131rlan\u0131r. Her ad\u0131mda detaylara verilen \u00f6nem, y\u00fcz\u00fc\u011f\u00fcn karakterine yans\u0131r.<\/p>\n<p style=\"font-weight: 400;\"><em>Tasar\u0131m ekibimiz klasik ve modern stilleri harmanlayarak \u00f6zg\u00fcn ve zamans\u0131z modeller olu\u015fturur. Ard\u0131ndan, deneyimli ustalar\u0131m\u0131z bu tasar\u0131mlar\u0131 14 ayar alt\u0131nla \u015fekillendirir.<\/em><\/p>\n<p style=\"font-weight: 400;\">1.15\u00a0gram a\u011f\u0131rl\u0131\u011f\u0131ndaki bu y\u00fcz\u00fck, hafif yap\u0131s\u0131 sayesinde g\u00fcn boyu konforlu bir kullan\u0131m sunar. \u00d6zel y\u00fczey i\u015flemleri sayesinde parlakl\u0131\u011f\u0131n\u0131 uzun y\u0131llar boyunca korur ve her daim ilk g\u00fcnk\u00fc gibi \u0131\u015f\u0131ldar.<\/p>\n<p style=\"font-weight: 400;\"><b><strong>Paket \u0130\u00e7eri\u011fi<\/strong><\/b><br \/>\nDebora\u2019dan verece\u011finiz her sipari\u015f, \u00f6zenle haz\u0131rlanm\u0131\u015f \u015f\u0131k bir kutu i\u00e7inde sizlere ula\u015ft\u0131r\u0131l\u0131r. Kutu i\u00e7eri\u011fi:<\/p>\n<ul>\n<li style=\"font-weight: 400;\">Orijinallik sertifikas\u0131<\/li>\n<li style=\"font-weight: 400;\">Te\u015fekk\u00fcr kart\u0131<\/li>\n<li style=\"font-weight: 400;\">\u00d6zel \u00fcr\u00fcn kutusu<\/li>\n<\/ul>\n<p style=\"font-weight: 400;\">Sipari\u015finiz g\u00fcvenle ve en h\u0131zl\u0131 \u015fekilde kargoya verilerek adresinize ula\u015ft\u0131r\u0131l\u0131r.<\/p>\n<p style=\"font-weight: 400;\"><b><strong>Zarafeti Parmaklar\u0131n\u0131zda Ta\u015f\u0131y\u0131n<\/strong><\/b><br \/>\nDebora Jewelry\u2019nin zarif alt\u0131n y\u00fcz\u00fckleri, kendinize ya da sevdiklerinize verece\u011finiz anlaml\u0131 ve \u015f\u0131k bir hediyedir. Stilinizin ince detay\u0131n\u0131 belirleyen bu \u00f6zel tasar\u0131m\u0131 hemen ke\u015ffedin ve Debora fark\u0131n\u0131 ya\u015fay\u0131n.<\/p>\n","protected":false},"excerpt":{"rendered":"<p>Debora Jewelry olarak, 14 ayar alt\u0131n y\u00fcz\u00fck koleksiyonumuzla zarafeti parmaklar\u0131n\u0131za ta\u015f\u0131yoruz. Her bir y\u00fcz\u00fck, kaliteye duydu\u011fumuz ba\u011fl\u0131l\u0131k ve estetik anlay\u0131\u015f\u0131m\u0131z\u0131n<\/p>\n","protected":false},"featured_media":37884,"comment_status":"open","ping_status":"closed","template":"","meta":[],"product_brand":[125],"product_cat":[226],"product_tag":[127,128,129,268,153,155,142,227,263],"class_list":{"0":"post-6115","1":"product","2":"type-product","3":"status-publish","4":"has-post-thumbnail","6":"product_brand-debora-jewelry","7":"product_cat-yuzuk","8":"product_tag-14-ayar-altin","9":"product_tag-gunluk-takilar","10":"product_tag-kadin-takilari","11":"product_tag-kalp","12":"product_tag-minimalist-takilar","13":"product_tag-sevgiliye-hediye","14":"product_tag-tasli-takilar","15":"product_tag-yuzuk","16":"product_tag-zirkon","18":"first","19":"instock","20":"shipping-taxable","21":"product-type-simple"},"_links":{"self":[{"href":"https:\/\/basilteknoloji.com\/wood\/index.php\/wp-json\/wp\/v2\/product\/6115","targetHints":{"allow":["GET"]}}],"collection":[{"href":"https:\/\/basilteknoloji.com\/wood\/index.php\/wp-json\/wp\/v2\/product"}],"about":[{"href":"https:\/\/basilteknoloji.com\/wood\/index.php\/wp-json\/wp\/v2\/types\/product"}],"replies":[{"embeddable":true,"href":"https:\/\/basilteknoloji.com\/wood\/index.php\/wp-json\/wp\/v2\/comments?post=6115"}],"version-history":[{"count":1,"href":"https:\/\/basilteknoloji.com\/wood\/index.php\/wp-json\/wp\/v2\/product\/6115\/revisions"}],"predecessor-version":[{"id":37940,"href":"https:\/\/basilteknoloji.com\/wood\/index.php\/wp-json\/wp\/v2\/product\/6115\/revisions\/37940"}],"wp:featuredmedia":[{"embeddable":true,"href":"https:\/\/basilteknoloji.com\/wood\/index.php\/wp-json\/wp\/v2\/media\/37884"}],"wp:attachment":[{"href":"https:\/\/basilteknoloji.com\/wood\/index.php\/wp-json\/wp\/v2\/media?parent=6115"}],"wp:term":[{"taxonomy":"product_brand","embeddable":true,"href":"https:\/\/basilteknoloji.com\/wood\/index.php\/wp-json\/wp\/v2\/product_brand?post=6115"},{"taxonomy":"product_cat","embeddable":true,"href":"https:\/\/basilteknoloji.com\/wood\/index.php\/wp-json\/wp\/v2\/product_cat?post=6115"},{"taxonomy":"product_tag","embeddable":true,"href":"https:\/\/basilteknoloji.com\/wood\/index.php\/wp-json\/wp\/v2\/product_tag?post=6115"}],"curies":[{"name":"wp","href":"https:\/\/api.w.org\/{rel}","templated":true}]}}