{"id":5252,"date":"2025-08-27T01:23:03","date_gmt":"2025-08-26T22:23:03","guid":{"rendered":"https:\/\/basilteknoloji.com\/wood\/?post_type=product&#038;p=5252"},"modified":"2025-09-15T14:29:59","modified_gmt":"2025-09-15T11:29:59","slug":"fil-kabartmali-altin-kelepce-2","status":"publish","type":"product","link":"https:\/\/basilteknoloji.com\/wood\/index.php\/urun\/fil-kabartmali-altin-kelepce-2\/","title":{"rendered":"Fil Kabartmal\u0131 Alt\u0131n Kelep\u00e7e"},"content":{"rendered":"<p class=\"MsoNormal\" style=\"margin: 0cm; font-size: 12pt; font-family: 'Times New Roman', serif;\"><b>Debora Jewelry olarak, 14 ayar alt\u0131n kelep\u00e7e koleksiyonumuzla zarafeti ve g\u00fcc\u00fc bir araya getiriyoruz.<\/b><br \/>\nHer bir alt\u0131n kelep\u00e7e, y\u00fcksek kaliteli malzemelerle ve incelikli el i\u015f\u00e7ili\u011fiyle \u00fcretilir. Bu \u00f6zel par\u00e7a da Debora&#8217;n\u0131n kalite ve tasar\u0131m anlay\u0131\u015f\u0131n\u0131 yans\u0131tan zarif bir \u00f6rnektir.<\/p>\n<div class=\"MsoNormal\" style=\"margin: 0cm; font-size: 12pt; font-family: 'Times New Roman', serif; text-align: center;\" align=\"center\">\n<hr align=\"center\" size=\"0\" width=\"100%\" \/>\n<\/div>\n<p class=\"MsoNormal\" style=\"margin: 0cm; font-size: 12pt; font-family: 'Times New Roman', serif;\"><b>\u00dcretim S\u00fcreci<\/b><br \/>\nBu dikkat \u00e7ekici alt\u0131n kelep\u00e7e, tasar\u0131m a\u015famas\u0131ndan itibaren her ad\u0131m\u0131nda \u00f6zenle haz\u0131rlan\u0131r. El i\u015f\u00e7ili\u011fiyle \u015fekillenen kelep\u00e7elerimiz, hem estetik hem de sa\u011flaml\u0131k a\u00e7\u0131s\u0131ndan y\u00fcksek standartlar\u0131 kar\u015f\u0131lar.<\/p>\n<p class=\"MsoNormal\" style=\"margin: 0cm; font-size: 12pt; font-family: 'Times New Roman', serif;\"><i>Tasar\u0131m ekibimiz, modern \u00e7izgileri klasik duru\u015fla bulu\u015fturarak zamans\u0131z modeller olu\u015fturur. Ard\u0131ndan, deneyimli ustalar\u0131m\u0131z bu tasar\u0131mlar\u0131 14 ayar alt\u0131nla hayata ge\u00e7irir.<\/i><\/p>\n<p class=\"MsoNormal\" style=\"margin: 0cm;\"><span style=\"font-family: Times New Roman, serif;\"><span style=\"font-size: 16px;\">2.94 gram<\/span><span style=\"font-size: 12pt;\">\u00a0a\u011f\u0131rl\u0131\u011f\u0131ndaki bu alt\u0131n kelep\u00e7e, zarif ama g\u00fc\u00e7l\u00fc yap\u0131s\u0131yla g\u00fcnl\u00fck \u015f\u0131kl\u0131\u011f\u0131n\u0131z\u0131 tamamlar. Parlakl\u0131\u011f\u0131n\u0131 ve formunu korumas\u0131 i\u00e7in \u00f6zel i\u015flemlerle g\u00fc\u00e7lendirilen bu kelep\u00e7e, y\u0131llar boyunca ilk g\u00fcnk\u00fc \u0131\u015f\u0131lt\u0131s\u0131n\u0131 muhafaza eder.<\/span><\/span><\/p>\n<div class=\"MsoNormal\" style=\"margin: 0cm; font-size: 12pt; font-family: 'Times New Roman', serif; text-align: center;\" align=\"center\">\n<hr align=\"center\" size=\"0\" width=\"100%\" \/>\n<\/div>\n<p class=\"MsoNormal\" style=\"margin: 0cm; font-size: 12pt; font-family: 'Times New Roman', serif;\"><b>Paket \u0130\u00e7eri\u011fi<\/b><br \/>\nDebora\u2019dan verece\u011finiz her sipari\u015f, \u00f6zenle haz\u0131rlanm\u0131\u015f \u00f6zel kutusunda sizlere ula\u015f\u0131r. Kutu i\u00e7eri\u011fi \u015fu \u015fekildedir:<\/p>\n<ul style=\"margin-bottom: 0cm; font-size: medium;\" type=\"disc\">\n<li class=\"MsoNormal\" style=\"margin: 0cm; font-size: 12pt; font-family: 'Times New Roman', serif;\">Orijinallik sertifikas\u0131<\/li>\n<li class=\"MsoNormal\" style=\"margin: 0cm; font-size: 12pt; font-family: 'Times New Roman', serif;\">Te\u015fekk\u00fcr kart\u0131<\/li>\n<li class=\"MsoNormal\" style=\"margin: 0cm; font-size: 12pt; font-family: 'Times New Roman', serif;\">\u00d6zel \u00fcr\u00fcn kutusu<\/li>\n<\/ul>\n<p class=\"MsoNormal\" style=\"margin: 0cm; font-size: 12pt; font-family: 'Times New Roman', serif;\">T\u00fcm \u00fcr\u00fcnlerimiz sipari\u015f sonras\u0131 h\u0131zla kargoya verilir ve g\u00fcvenle teslim edilir.<\/p>\n<div class=\"MsoNormal\" style=\"margin: 0cm; font-size: 12pt; font-family: 'Times New Roman', serif; text-align: center;\" align=\"center\">\n<hr align=\"center\" size=\"0\" width=\"100%\" \/>\n<p class=\"MsoNormal\" style=\"margin: 0cm; font-size: 12pt; text-align: start;\"><b>\u015e\u0131kl\u0131\u011f\u0131n G\u00fc\u00e7l\u00fc Hali<\/b><br \/>\nDebora Jewelry\u2019nin zarif alt\u0131n kelep\u00e7eleri, hem kendiniz hem de sevdikleriniz i\u00e7in benzersiz bir hediye se\u00e7ene\u011fidir. Tarz\u0131n\u0131za karakter katan bu \u00f6zel tasar\u0131m\u0131 hemen sipari\u015f verin, Debora kalitesini yak\u0131ndan ya\u015fay\u0131n.<\/p>\n<\/div>\n","protected":false},"excerpt":{"rendered":"<p>Debora Jewelry olarak, 14 ayar alt\u0131n kelep\u00e7e koleksiyonumuzla zarafeti ve g\u00fcc\u00fc bir araya getiriyoruz. Her bir alt\u0131n kelep\u00e7e, y\u00fcksek kaliteli<\/p>\n","protected":false},"featured_media":37633,"comment_status":"open","ping_status":"closed","template":"","meta":[],"product_brand":[125],"product_cat":[151],"product_tag":[127,128,152,130,154,132],"class_list":{"0":"post-5252","1":"product","2":"type-product","3":"status-publish","4":"has-post-thumbnail","6":"product_brand-debora-jewelry","7":"product_cat-kelepce","8":"product_tag-14-ayar-altin","9":"product_tag-gunluk-takilar","10":"product_tag-kelepce","11":"product_tag-klasik-takilar","12":"product_tag-motifli-altin-takilar","13":"product_tag-tassiz-takilar","15":"first","16":"instock","17":"shipping-taxable","18":"product-type-simple"},"_links":{"self":[{"href":"https:\/\/basilteknoloji.com\/wood\/index.php\/wp-json\/wp\/v2\/product\/5252","targetHints":{"allow":["GET"]}}],"collection":[{"href":"https:\/\/basilteknoloji.com\/wood\/index.php\/wp-json\/wp\/v2\/product"}],"about":[{"href":"https:\/\/basilteknoloji.com\/wood\/index.php\/wp-json\/wp\/v2\/types\/product"}],"replies":[{"embeddable":true,"href":"https:\/\/basilteknoloji.com\/wood\/index.php\/wp-json\/wp\/v2\/comments?post=5252"}],"version-history":[{"count":1,"href":"https:\/\/basilteknoloji.com\/wood\/index.php\/wp-json\/wp\/v2\/product\/5252\/revisions"}],"predecessor-version":[{"id":38021,"href":"https:\/\/basilteknoloji.com\/wood\/index.php\/wp-json\/wp\/v2\/product\/5252\/revisions\/38021"}],"wp:featuredmedia":[{"embeddable":true,"href":"https:\/\/basilteknoloji.com\/wood\/index.php\/wp-json\/wp\/v2\/media\/37633"}],"wp:attachment":[{"href":"https:\/\/basilteknoloji.com\/wood\/index.php\/wp-json\/wp\/v2\/media?parent=5252"}],"wp:term":[{"taxonomy":"product_brand","embeddable":true,"href":"https:\/\/basilteknoloji.com\/wood\/index.php\/wp-json\/wp\/v2\/product_brand?post=5252"},{"taxonomy":"product_cat","embeddable":true,"href":"https:\/\/basilteknoloji.com\/wood\/index.php\/wp-json\/wp\/v2\/product_cat?post=5252"},{"taxonomy":"product_tag","embeddable":true,"href":"https:\/\/basilteknoloji.com\/wood\/index.php\/wp-json\/wp\/v2\/product_tag?post=5252"}],"curies":[{"name":"wp","href":"https:\/\/api.w.org\/{rel}","templated":true}]}}